{"id":10,"date":"2011-12-18T20:36:46","date_gmt":"2011-12-18T19:36:46","guid":{"rendered":"http:\/\/www.autoservice-laubegast.de\/?page_id=10"},"modified":"2023-06-10T07:39:14","modified_gmt":"2023-06-10T06:39:14","slug":"werkstatt","status":"publish","type":"page","link":"http:\/\/www.autoservice-laubegast.de\/?page_id=10","title":{"rendered":"Werkstatt"},"content":{"rendered":"<p><a href=\"http:\/\/www.autoservice-laubegast.de\/wp-content\/uploads\/2011\/12\/ASL-0201.jpg\"><br \/>\n<\/a>Es begann im Jahr 1980.<br \/>\nHerr Frank Strubelt er\u00f6ffnete am 01.04.1980 einen kleinen Kfz-Elektrik-Reparaturbetrieb.<br \/>\nSeine gute Qualit\u00e4t bei der Ausf\u00fchrung der Reparaturauftr\u00e4ge sprach sich in Laubegast und der n\u00e4heren Umgebung herum. Schnell wurde Ihm bewusst das er die Nachfrage an Reparaturen nicht weiter allein bew\u00e4ltigen kann und stellte schlie\u00dflich zun\u00e4chst einen und einige Jahre sp\u00e4ter den zweiten Gesellen ein.<\/p>\n<p><a href=\"http:\/\/www.autoservice-laubegast.de\/wp-content\/uploads\/2012\/05\/Bild-011.jpg\"><img decoding=\"async\" loading=\"lazy\" class=\"alignleft size-medium wp-image-80\" title=\"Bild 011\" src=\"http:\/\/www.autoservice-laubegast.de\/wp-content\/uploads\/2012\/05\/Bild-011-300x200.jpg\" alt=\"\" width=\"300\" height=\"200\" srcset=\"http:\/\/www.autoservice-laubegast.de\/wp-content\/uploads\/2012\/05\/Bild-011-300x200.jpg 300w, http:\/\/www.autoservice-laubegast.de\/wp-content\/uploads\/2012\/05\/Bild-011-449x300.jpg 449w, http:\/\/www.autoservice-laubegast.de\/wp-content\/uploads\/2012\/05\/Bild-011.jpg 1024w\" sizes=\"(max-width: 300px) 100vw, 300px\" \/><\/a><\/p>\n<p>Die Buchf\u00fchrung, Ersatzteilbestellung und Rechnungslegung erfolgte durch seine Ehefrau. Ende der 90er Jahre wurde in das Unternehmen investiert. Eine neue Halle wurde errichtet und mit modernster Werkstatteinrichtung best\u00fcckt. Feierliche Er\u00f6ffnung war im Januar 2002. Mit der Er\u00f6ffnung \u00e4nderte sich auch der Firmen-name in Automeister Strubelt. Im August 2002 nahm das f\u00fcr alle unfassbare Jahr-hunderthochwasser auch keinen Halt vor der Werkstatt. Das gesamte Grundst\u00fcck stand fast einen Meter unter Wasser. Herr Strubelt begann gemeinsam mit seinen Mitarbeitern mit Aufr\u00e4um- und Reinigungsarbeiten, welche \u00fcber Wochen dauerten.<\/p>\n<p>\u00dcber das Rentenalter hinaus war Herr Strubelt f\u00fcr seine Kunden mehr als ein Ansprechpartner bez\u00fcglich der Kfz-Reparaturen. Am 28.07.2010 \u00fcbergab Herr Strubelt den Staffelstab an Herrn Uwe Leciejewska. Seit dem 01.08.2010 f\u00fchrt er mit den 2 Mitarbeitern sowie einer Empfangskraft die Firma unter den Namen: ASL &#8211; Autoservice Laubegast.<\/p>\n","protected":false},"excerpt":{"rendered":"<p>Es begann im Jahr 1980. Herr Frank Strubelt er\u00f6ffnete am 01.04.1980 einen kleinen Kfz-Elektrik-Reparaturbetrieb. Seine gute Qualit\u00e4t bei der Ausf\u00fchrung der Reparaturauftr\u00e4ge sprach sich in Laubegast und der n\u00e4heren Umgebung herum. Schnell wurde Ihm bewusst das er die Nachfrage an &hellip; <a href=\"http:\/\/www.autoservice-laubegast.de\/?page_id=10\">Weiterlesen <span class=\"meta-nav\">&rarr;<\/span><\/a><\/p>\n","protected":false},"author":1,"featured_media":0,"parent":0,"menu_order":4,"comment_status":"closed","ping_status":"closed","template":"","meta":[],"_links":{"self":[{"href":"http:\/\/www.autoservice-laubegast.de\/index.php?rest_route=\/wp\/v2\/pages\/10"}],"collection":[{"href":"http:\/\/www.autoservice-laubegast.de\/index.php?rest_route=\/wp\/v2\/pages"}],"about":[{"href":"http:\/\/www.autoservice-laubegast.de\/index.php?rest_route=\/wp\/v2\/types\/page"}],"author":[{"embeddable":true,"href":"http:\/\/www.autoservice-laubegast.de\/index.php?rest_route=\/wp\/v2\/users\/1"}],"replies":[{"embeddable":true,"href":"http:\/\/www.autoservice-laubegast.de\/index.php?rest_route=%2Fwp%2Fv2%2Fcomments&post=10"}],"version-history":[{"count":9,"href":"http:\/\/www.autoservice-laubegast.de\/index.php?rest_route=\/wp\/v2\/pages\/10\/revisions"}],"predecessor-version":[{"id":330,"href":"http:\/\/www.autoservice-laubegast.de\/index.php?rest_route=\/wp\/v2\/pages\/10\/revisions\/330"}],"wp:attachment":[{"href":"http:\/\/www.autoservice-laubegast.de\/index.php?rest_route=%2Fwp%2Fv2%2Fmedia&parent=10"}],"curies":[{"name":"wp","href":"https:\/\/api.w.org\/{rel}","templated":true}]}}